{"id":3,"date":"2024-05-21T16:01:28","date_gmt":"2024-05-21T19:01:28","guid":{"rendered":"http:\/\/guilhermeparapente.com.br\/?page_id=3"},"modified":"2024-05-31T17:24:49","modified_gmt":"2024-05-31T20:24:49","slug":"002-2","status":"publish","type":"page","link":"https:\/\/guilhermeparapente.com.br\/?page_id=3","title":{"rendered":"Termos de Uso"},"content":{"rendered":"\t\t<div data-elementor-type=\"wp-page\" data-elementor-id=\"3\" class=\"elementor elementor-3\">\n\t\t\t\t\t\t<section class=\"elementor-section elementor-top-section elementor-element elementor-element-3776821 elementor-section-full_width elementor-section-height-min-height elementor-section-height-default elementor-section-items-middle\" data-id=\"3776821\" data-element_type=\"section\" data-e-type=\"section\">\n\t\t\t\t\t\t<div class=\"elementor-container elementor-column-gap-no\">\n\t\t\t\t\t<div class=\"elementor-column elementor-col-33 elementor-top-column elementor-element elementor-element-5e492db8\" data-id=\"5e492db8\" data-element_type=\"column\" data-e-type=\"column\">\n\t\t\t<div class=\"elementor-widget-wrap elementor-element-populated\">\n\t\t\t\t\t\t<div class=\"elementor-element elementor-element-4902fcb7 elementor-widget elementor-widget-image\" data-id=\"4902fcb7\" data-element_type=\"widget\" data-e-type=\"widget\" data-widget_type=\"image.default\">\n\t\t\t\t<div class=\"elementor-widget-container\">\n\t\t\t\t\t\t\t\t\t\t\t\t\t\t\t<img fetchpriority=\"high\" decoding=\"async\" width=\"860\" height=\"290\" src=\"https:\/\/guilhermeparapente.com.br\/wp-content\/uploads\/2024\/05\/logo.png\" class=\"attachment-large size-large wp-image-11\" alt=\"\" srcset=\"https:\/\/guilhermeparapente.com.br\/wp-content\/uploads\/2024\/05\/logo.png 860w, https:\/\/guilhermeparapente.com.br\/wp-content\/uploads\/2024\/05\/logo-300x101.png 300w, https:\/\/guilhermeparapente.com.br\/wp-content\/uploads\/2024\/05\/logo-768x259.png 768w\" sizes=\"(max-width: 860px) 100vw, 860px\" \/>\t\t\t\t\t\t\t\t\t\t\t\t\t\t\t<\/div>\n\t\t\t\t<\/div>\n\t\t\t\t\t<\/div>\n\t\t<\/div>\n\t\t\t\t<div class=\"elementor-column elementor-col-66 elementor-top-column elementor-element elementor-element-68db433e\" data-id=\"68db433e\" data-element_type=\"column\" data-e-type=\"column\">\n\t\t\t<div class=\"elementor-widget-wrap elementor-element-populated\">\n\t\t\t\t\t\t<section class=\"elementor-section elementor-inner-section elementor-element elementor-element-22991ccf elementor-section-boxed elementor-section-height-default elementor-section-height-default\" data-id=\"22991ccf\" data-element_type=\"section\" data-e-type=\"section\">\n\t\t\t\t\t\t<div class=\"elementor-container elementor-column-gap-default\">\n\t\t\t\t\t<div class=\"elementor-column elementor-col-50 elementor-inner-column elementor-element elementor-element-2697c407 elementor-hidden-tablet elementor-hidden-mobile\" data-id=\"2697c407\" data-element_type=\"column\" data-e-type=\"column\">\n\t\t\t<div class=\"elementor-widget-wrap elementor-element-populated\">\n\t\t\t\t\t\t<div class=\"elementor-element elementor-element-7dc4290d elementor-align-center elementor-mobile-align-center elementor-icon-list--layout-traditional elementor-list-item-link-full_width elementor-widget elementor-widget-icon-list\" data-id=\"7dc4290d\" data-element_type=\"widget\" data-e-type=\"widget\" data-widget_type=\"icon-list.default\">\n\t\t\t\t<div class=\"elementor-widget-container\">\n\t\t\t\t\t\t\t<ul class=\"elementor-icon-list-items\">\n\t\t\t\t\t\t\t<li class=\"elementor-icon-list-item\">\n\t\t\t\t\t\t\t\t\t\t\t<span class=\"elementor-icon-list-icon\">\n\t\t\t\t\t\t\t<i aria-hidden=\"true\" class=\"icon icon-whatsapp-1\"><\/i>\t\t\t\t\t\t<\/span>\n\t\t\t\t\t\t\t\t\t\t<span class=\"elementor-icon-list-text\">(21) 98195-4484<\/span>\n\t\t\t\t\t\t\t\t\t<\/li>\n\t\t\t\t\t\t<\/ul>\n\t\t\t\t\t\t<\/div>\n\t\t\t\t<\/div>\n\t\t\t\t\t<\/div>\n\t\t<\/div>\n\t\t\t\t<div class=\"elementor-column elementor-col-50 elementor-inner-column elementor-element elementor-element-17851d17 elementor-hidden-tablet elementor-hidden-mobile\" data-id=\"17851d17\" data-element_type=\"column\" data-e-type=\"column\">\n\t\t\t<div class=\"elementor-widget-wrap elementor-element-populated\">\n\t\t\t\t\t\t<div class=\"elementor-element elementor-element-274ae7ef elementor-shape-circle elementor-hidden-tablet elementor-hidden-mobile elementor-grid-0 e-grid-align-center elementor-widget elementor-widget-social-icons\" data-id=\"274ae7ef\" data-element_type=\"widget\" data-e-type=\"widget\" data-widget_type=\"social-icons.default\">\n\t\t\t\t<div class=\"elementor-widget-container\">\n\t\t\t\t\t\t\t<div class=\"elementor-social-icons-wrapper elementor-grid\">\n\t\t\t\t\t\t\t<span class=\"elementor-grid-item\">\n\t\t\t\t\t<a class=\"elementor-icon elementor-social-icon elementor-social-icon-instagram elementor-repeater-item-d90554e\" href=\"https:\/\/www.instagram.com\/guilhermeparapente\/\" target=\"_blank\">\n\t\t\t\t\t\t<span class=\"elementor-screen-only\">Instagram<\/span>\n\t\t\t\t\t\t<svg aria-hidden=\"true\" class=\"e-font-icon-svg e-fab-instagram\" viewBox=\"0 0 448 512\" xmlns=\"http:\/\/www.w3.org\/2000\/svg\"><path d=\"M224.1 141c-63.6 0-114.9 51.3-114.9 114.9s51.3 114.9 114.9 114.9S339 319.5 339 255.9 287.7 141 224.1 141zm0 189.6c-41.1 0-74.7-33.5-74.7-74.7s33.5-74.7 74.7-74.7 74.7 33.5 74.7 74.7-33.6 74.7-74.7 74.7zm146.4-194.3c0 14.9-12 26.8-26.8 26.8-14.9 0-26.8-12-26.8-26.8s12-26.8 26.8-26.8 26.8 12 26.8 26.8zm76.1 27.2c-1.7-35.9-9.9-67.7-36.2-93.9-26.2-26.2-58-34.4-93.9-36.2-37-2.1-147.9-2.1-184.9 0-35.8 1.7-67.6 9.9-93.9 36.1s-34.4 58-36.2 93.9c-2.1 37-2.1 147.9 0 184.9 1.7 35.9 9.9 67.7 36.2 93.9s58 34.4 93.9 36.2c37 2.1 147.9 2.1 184.9 0 35.9-1.7 67.7-9.9 93.9-36.2 26.2-26.2 34.4-58 36.2-93.9 2.1-37 2.1-147.8 0-184.8zM398.8 388c-7.8 19.6-22.9 34.7-42.6 42.6-29.5 11.7-99.5 9-132.1 9s-102.7 2.6-132.1-9c-19.6-7.8-34.7-22.9-42.6-42.6-11.7-29.5-9-99.5-9-132.1s-2.6-102.7 9-132.1c7.8-19.6 22.9-34.7 42.6-42.6 29.5-11.7 99.5-9 132.1-9s102.7-2.6 132.1 9c19.6 7.8 34.7 22.9 42.6 42.6 11.7 29.5 9 99.5 9 132.1s2.7 102.7-9 132.1z\"><\/path><\/svg>\t\t\t\t\t<\/a>\n\t\t\t\t<\/span>\n\t\t\t\t\t<\/div>\n\t\t\t\t\t\t<\/div>\n\t\t\t\t<\/div>\n\t\t\t\t\t<\/div>\n\t\t<\/div>\n\t\t\t\t\t<\/div>\n\t\t<\/section>\n\t\t\t\t\t<\/div>\n\t\t<\/div>\n\t\t\t\t\t<\/div>\n\t\t<\/section>\n\t\t<div class=\"elementor-element elementor-element-47f1e8cb e-flex e-con-boxed e-con e-parent\" data-id=\"47f1e8cb\" data-element_type=\"container\" data-e-type=\"container\" data-settings=\"{&quot;background_background&quot;:&quot;classic&quot;,&quot;shape_divider_top&quot;:&quot;clouds&quot;}\">\n\t\t\t\t\t<div class=\"e-con-inner\">\n\t\t\t\t<div class=\"elementor-shape elementor-shape-top\" aria-hidden=\"true\" data-negative=\"false\">\n\t\t\t<svg xmlns=\"http:\/\/www.w3.org\/2000\/svg\" viewBox=\"0 0 283.5 27.8\" preserveAspectRatio=\"xMidYMax slice\">\n  <path class=\"elementor-shape-fill\" d=\"M0 0v6.7c1.9-.8 4.7-1.4 8.5-1 9.5 1.1 11.1 6 11.1 6s2.1-.7 4.3-.2c2.1.5 2.8 2.6 2.8 2.6s.2-.5 1.4-.7c1.2-.2 1.7.2 1.7.2s0-2.1 1.9-2.8c1.9-.7 3.6.7 3.6.7s.7-2.9 3.1-4.1 4.7 0 4.7 0 1.2-.5 2.4 0 1.7 1.4 1.7 1.4h1.4c.7 0 1.2.7 1.2.7s.8-1.8 4-2.2c3.5-.4 5.3 2.4 6.2 4.4.4-.4 1-.7 1.8-.9 2.8-.7 4 .7 4 .7s1.7-5 11.1-6c9.5-1.1 12.3 3.9 12.3 3.9s1.2-4.8 5.7-5.7c4.5-.9 6.8 1.8 6.8 1.8s.6-.6 1.5-.9c.9-.2 1.9-.2 1.9-.2s5.2-6.4 12.6-3.3c7.3 3.1 4.7 9 4.7 9s1.9-.9 4 0 2.8 2.4 2.8 2.4 1.9-1.2 4.5-1.2 4.3 1.2 4.3 1.2.2-1 1.4-1.7 2.1-.7 2.1-.7-.5-3.1 2.1-5.5 5.7-1.4 5.7-1.4 1.5-2.3 4.2-1.1c2.7 1.2 1.7 5.2 1.7 5.2s.3-.1 1.3.5c.5.4.8.8.9 1.1.5-1.4 2.4-5.8 8.4-4 7.1 2.1 3.5 8.9 3.5 8.9s.8-.4 2 0 1.1 1.1 1.1 1.1 1.1-1.1 2.3-1.1 2.1.5 2.1.5 1.9-3.6 6.2-1.2 1.9 6.4 1.9 6.4 2.6-2.4 7.4 0c3.4 1.7 3.9 4.9 3.9 4.9s3.3-6.9 10.4-7.9 11.5 2.6 11.5 2.6.8 0 1.2.2c.4.2.9.9.9.9s4.4-3.1 8.3.2c1.9 1.7 1.5 5 1.5 5s.3-1.1 1.6-1.4c1.3-.3 2.3.2 2.3.2s-.1-1.2.5-1.9 1.9-.9 1.9-.9-4.7-9.3 4.4-13.4c5.6-2.5 9.2.9 9.2.9s5-6.2 15.9-6.2 16.1 8.1 16.1 8.1.7-.2 1.6-.4V0H0z\"\/>\n<\/svg>\n\t\t<\/div>\n\t\t\t\t<div class=\"elementor-element elementor-element-4394e3e7 elementor-widget-divider--view-line elementor-widget elementor-widget-divider\" data-id=\"4394e3e7\" data-element_type=\"widget\" data-e-type=\"widget\" data-widget_type=\"divider.default\">\n\t\t\t\t<div class=\"elementor-widget-container\">\n\t\t\t\t\t\t\t<div class=\"elementor-divider\">\n\t\t\t<span class=\"elementor-divider-separator\">\n\t\t\t\t\t\t<\/span>\n\t\t<\/div>\n\t\t\t\t\t\t<\/div>\n\t\t\t\t<\/div>\n\t\t\t\t<div class=\"elementor-element elementor-element-569474b2 elementor-widget elementor-widget-heading\" data-id=\"569474b2\" data-element_type=\"widget\" data-e-type=\"widget\" data-widget_type=\"heading.default\">\n\t\t\t\t<div class=\"elementor-widget-container\">\n\t\t\t\t\t<h2 class=\"elementor-heading-title elementor-size-default\">Voo de Parapente em Niter\u00f3i<\/h2>\t\t\t\t<\/div>\n\t\t\t\t<\/div>\n\t\t\t\t<div class=\"elementor-element elementor-element-584f0314 elementor-widget elementor-widget-heading\" data-id=\"584f0314\" data-element_type=\"widget\" data-e-type=\"widget\" data-widget_type=\"heading.default\">\n\t\t\t\t<div class=\"elementor-widget-container\">\n\t\t\t\t\t<h2 class=\"elementor-heading-title elementor-size-default\">Termos de Uso<\/h2>\t\t\t\t<\/div>\n\t\t\t\t<\/div>\n\t\t\t\t\t<\/div>\n\t\t\t\t<\/div>\n\t\t<div class=\"elementor-element elementor-element-17c57ac8 e-flex e-con-boxed e-con e-parent\" data-id=\"17c57ac8\" data-element_type=\"container\" data-e-type=\"container\" data-settings=\"{&quot;background_background&quot;:&quot;classic&quot;}\">\n\t\t\t\t\t<div class=\"e-con-inner\">\n\t\t\t\t<div class=\"elementor-element elementor-element-2f2b701 elementor-widget elementor-widget-text-editor\" data-id=\"2f2b701\" data-element_type=\"widget\" data-e-type=\"widget\" data-widget_type=\"text-editor.default\">\n\t\t\t\t<div class=\"elementor-widget-container\">\n\t\t\t\t\t\t\t\t\t<p><\/p>\n<h3><span style=\"color: #000000;\">TERMOS DE USO \u2014 Guilherme Parapente<\/span><\/h3>\n<p><span style=\"color: #000000;\">Guilherme Parapente, pessoa jur\u00eddica de direito privado descreve, atrav\u00e9s deste documento, as regras de uso do site https:\/\/guilhermeparapente.com.br\/ e qualquer outro site, loja ou aplicativo operado pelo propriet\u00e1rio.<\/span><\/p>\n<p><span style=\"color: #000000;\">Ao navegar neste website, consideramos que voc\u00ea est\u00e1 de acordo com os Termos de Uso abaixo.<\/span><\/p>\n<p><span style=\"color: #000000;\">Caso voc\u00ea n\u00e3o esteja de acordo com as condi\u00e7\u00f5es deste contrato, pedimos que n\u00e3o fa\u00e7a mais uso deste website, muito menos cadastre-se ou envie os seus dados pessoais.<\/span><\/p>\n<p><span style=\"color: #000000;\">Se modificarmos nossos Termos de Uso, publicaremos o novo texto neste website, com a data de revis\u00e3o atualizada. Podemos alterar este documento a qualquer momento. Caso haja altera\u00e7\u00e3o significativa nos termos deste contrato, podemos inform\u00e1-lo por meio das informa\u00e7\u00f5es de contato que tivermos em nosso banco de dados ou por meio de notifica\u00e7\u00f5es.<\/span><\/p>\n<p><span style=\"color: #000000;\">A utiliza\u00e7\u00e3o deste website ap\u00f3s as altera\u00e7\u00f5es significa que voc\u00ea aceitou os Termos de Uso revisados. Caso, ap\u00f3s a leitura da vers\u00e3o revisada, voc\u00ea n\u00e3o esteja de acordo com seus termos, favor encerrar o seu acesso.<\/span><\/p>\n<ul>\n<li>\n<h4><span style=\"color: #000000;\">Se\u00e7\u00e3o 1 &#8211; Usu\u00e1rio<\/span><\/h4>\n<p><span style=\"color: #000000;\">A utiliza\u00e7\u00e3o deste website atribui de forma autom\u00e1tica a condi\u00e7\u00e3o de Usu\u00e1rio e implica a plena aceita\u00e7\u00e3o de todas as diretrizes e condi\u00e7\u00f5es inclu\u00eddas nestes Termos.<\/span><\/p>\n<\/li>\n<li>\n<h4><span style=\"color: #000000;\">Se\u00e7\u00e3o 2 &#8211; Ades\u00e3o em conjunto com a Pol\u00edtica de Privacidade<\/span><\/h4>\n<p><span style=\"color: #000000;\">A utiliza\u00e7\u00e3o deste website acarreta a ades\u00e3o aos presentes Termos de Uso e a vers\u00e3o mais atualizada da Pol\u00edtica de Privacidade de Guilherme Parapente.<\/span><\/p>\n<\/li>\n<li>\n<h4><span style=\"color: #000000;\">Se\u00e7\u00e3o 3 &#8211; Condi\u00e7\u00f5es de acesso<\/span><\/h4>\n<p><span style=\"color: #000000;\">Em geral, o acesso ao website da Guilherme Parapente possui car\u00e1ter gratuito e n\u00e3o exige pr\u00e9via inscri\u00e7\u00e3o ou registro.<\/span><\/p>\n<p><span style=\"color: #000000;\">Contudo, para usufruir de algumas funcionalidades, o usu\u00e1rio poder\u00e1 precisar efetuar um cadastro, criando uma conta de usu\u00e1rio com login e senha pr\u00f3prios para acesso.<\/span><\/p>\n<p><span style=\"color: #000000;\">\u00c9 de total responsabilidade do usu\u00e1rio fornecer apenas informa\u00e7\u00f5es corretas, aut\u00eanticas, v\u00e1lidas, completas e atualizadas, bem como n\u00e3o divulgar o seu login e senha para terceiros.<\/span><\/p>\n<p><span style=\"color: #000000;\">Partes deste website oferecem ao usu\u00e1rio a op\u00e7\u00e3o de publicar coment\u00e1rios em determinadas \u00e1reas. Guilherme Parapente n\u00e3o consente com a publica\u00e7\u00e3o de conte\u00fados que tenham natureza discriminat\u00f3ria, ofensiva ou il\u00edcita, ou ainda infrinjam direitos de autor ou quaisquer outros direitos de terceiros.<\/span><\/p>\n<p><span style=\"color: #000000;\">A publica\u00e7\u00e3o de quaisquer conte\u00fados pelo usu\u00e1rio deste website, incluindo mensagens e coment\u00e1rios, implica em licen\u00e7a n\u00e3o-exclusiva, irrevog\u00e1vel e irretrat\u00e1vel, para sua utiliza\u00e7\u00e3o, reprodu\u00e7\u00e3o e publica\u00e7\u00e3o pela Guilherme Parapente no seu website, plataformas e aplica\u00e7\u00f5es de internet, ou ainda em outras plataformas, sem qualquer restri\u00e7\u00e3o ou limita\u00e7\u00e3o.<\/span><\/p>\n<\/li>\n<li>\n<h4><span style=\"color: #000000;\">Se\u00e7\u00e3o 4 &#8211; Cookies<\/span><\/h4>\n<p><span style=\"color: #000000;\">Informa\u00e7\u00f5es sobre o seu uso neste website podem ser coletadas a partir de cookies. Cookies s\u00e3o informa\u00e7\u00f5es armazenadas diretamente no computador que voc\u00ea est\u00e1 utilizando. Os cookies permitem a coleta de informa\u00e7\u00f5es tais como o tipo de navegador, o tempo despendido no website, as p\u00e1ginas visitadas, as prefer\u00eancias de idioma, e outros dados de tr\u00e1fego an\u00f4nimos. N\u00f3s e nossos prestadores de servi\u00e7os utilizamos informa\u00e7\u00f5es para prote\u00e7\u00e3o de seguran\u00e7a, para facilitar a navega\u00e7\u00e3o, exibir informa\u00e7\u00f5es de modo mais eficiente, e personalizar sua experi\u00eancia ao utilizar este website, assim como para rastreamento online. Tamb\u00e9m coletamos informa\u00e7\u00f5es estat\u00edsticas sobre o uso do website para aprimoramento cont\u00ednuo do nosso design e funcionalidade, para entender como o website \u00e9 utilizado e para auxili\u00e1-lo a solucionar quest\u00f5es relevantes.<\/span><\/p>\n<p><span style=\"color: #000000;\">Caso n\u00e3o deseje que suas informa\u00e7\u00f5es sejam coletadas por meio de cookies, h\u00e1 um procedimento simples na maior parte dos navegadores que permite que os cookies sejam automaticamente rejeitados, ou oferece a op\u00e7\u00e3o de aceitar ou rejeitar a transfer\u00eancia de um cookie (ou cookies) espec\u00edfico(s) de um site determinado para o seu computador. Entretanto, isso pode gerar inconvenientes no uso do website.<\/span><\/p>\n<p><span style=\"color: #000000;\">As defini\u00e7\u00f5es que escolher podem afetar a sua experi\u00eancia de navega\u00e7\u00e3o e o funcionamento que exige a utiliza\u00e7\u00e3o de cookies. Neste sentido, rejeitamos qualquer responsabilidade pelas consequ\u00eancias resultantes do funcionamento limitado deste website provocado pela desativa\u00e7\u00e3o de cookies no seu dispositivo (incapacidade de definir ou ler um cookie).<\/span><\/p>\n<\/li>\n<li>\n<h4><span style=\"color: #000000;\">Se\u00e7\u00e3o 5 &#8211; Propriedade Intelectual<\/span><\/h4>\n<p><span style=\"color: #000000;\">Todos os elementos de Guilherme Parapente s\u00e3o de propriedade intelectual da mesma ou de seus licenciados. Estes Termos ou a utiliza\u00e7\u00e3o do website n\u00e3o concede a voc\u00ea qualquer licen\u00e7a ou direito de uso dos direitos de propriedade intelectual da Guilherme Parapente ou de terceiros.<\/span><\/p>\n<\/li>\n<li>\n<h4><span style=\"color: #000000;\">Se\u00e7\u00e3o 6 &#8211; Links para sites de terceiros<\/span><\/h4>\n<p><span style=\"color: #000000;\">Este website poder\u00e1, de tempos a tempos, conter links de hipertexto que redirecionar\u00e1 voc\u00ea para sites das redes dos nossos parceiros, anunciantes, fornecedores etc. Se voc\u00ea clicar em um desses links para qualquer um desses sites, lembre-se que cada site possui as suas pr\u00f3prias pr\u00e1ticas de privacidade e que n\u00e3o somos respons\u00e1veis por essas pol\u00edticas. Consulte as referidas pol\u00edticas antes de enviar quaisquer Dados Pessoais para esses sites.<\/span><\/p>\n<p><span style=\"color: #000000;\">N\u00e3o nos responsabilizamos pelas pol\u00edticas e pr\u00e1ticas de coleta, uso e divulga\u00e7\u00e3o (incluindo pr\u00e1ticas de prote\u00e7\u00e3o de dados) de outras organiza\u00e7\u00f5es, tais como Facebook, Apple, Google, Microsoft, ou de qualquer outro desenvolvedor de software ou provedor de aplicativo, loja de m\u00eddia social, sistema operacional, prestador de servi\u00e7os de internet sem fio ou fabricante de dispositivos, incluindo todos os Dados Pessoais que divulgar para outras organiza\u00e7\u00f5es por meio dos aplicativos, relacionadas a tais aplicativos, ou publicadas em nossas p\u00e1ginas em m\u00eddias sociais. N\u00f3s recomendamos que voc\u00ea se informe sobre a pol\u00edtica de privacidade e termos de uso de cada site visitado ou de cada prestador de servi\u00e7o utilizado.<\/span><\/p>\n<\/li>\n<li>\n<h4><span style=\"color: #000000;\">Se\u00e7\u00e3o 7 &#8211; Prazos e altera\u00e7\u00f5es<\/span><\/h4>\n<p><span style=\"color: #000000;\">O funcionamento deste website se d\u00e1 por prazo indeterminado.<\/span><\/p>\n<p><span style=\"color: #000000;\">O website no todo ou em cada uma das suas se\u00e7\u00f5es, pode ser encerrado, suspenso ou interrompido unilateralmente por Guilherme Parapente, a qualquer momento e sem necessidade de pr\u00e9vio aviso.<\/span><\/p>\n<\/li>\n<li>\n<h4><span style=\"color: #000000;\">Se\u00e7\u00e3o 8 &#8211; Dados pessoais<\/span><\/h4>\n<p><span style=\"color: #000000;\">Durante a utiliza\u00e7\u00e3o deste website, certos dados pessoais ser\u00e3o coletados e tratados por Guilherme Parapente e\/ou pelos Parceiros. As regras relacionadas ao tratamento de dados pessoais de Guilherme Parapente est\u00e3o estipuladas na Pol\u00edtica de Privacidade.<\/span><\/p>\n<\/li>\n<li>\n<h4><span style=\"color: #000000;\">Se\u00e7\u00e3o 9 &#8211; Contato<\/span><\/h4>\n<p><span style=\"color: #000000;\">Caso voc\u00ea tenha qualquer d\u00favida sobre os Termos de Uso, por favor, entre em contato pelo e-mail guilhermearroba@gmail.com.<\/span><\/p>\n<\/li>\n<\/ul>\n<p><\/p>\t\t\t\t\t\t\t\t<\/div>\n\t\t\t\t<\/div>\n\t\t\t\t\t<\/div>\n\t\t\t\t<\/div>\n\t\t<div class=\"elementor-element elementor-element-73580a3 e-flex e-con-boxed e-con e-parent\" data-id=\"73580a3\" data-element_type=\"container\" data-e-type=\"container\" data-settings=\"{&quot;background_background&quot;:&quot;classic&quot;,&quot;shape_divider_top&quot;:&quot;clouds&quot;}\">\n\t\t\t\t\t<div class=\"e-con-inner\">\n\t\t\t\t<div class=\"elementor-shape elementor-shape-top\" aria-hidden=\"true\" data-negative=\"false\">\n\t\t\t<svg xmlns=\"http:\/\/www.w3.org\/2000\/svg\" viewBox=\"0 0 283.5 27.8\" preserveAspectRatio=\"xMidYMax slice\">\n  <path class=\"elementor-shape-fill\" d=\"M0 0v6.7c1.9-.8 4.7-1.4 8.5-1 9.5 1.1 11.1 6 11.1 6s2.1-.7 4.3-.2c2.1.5 2.8 2.6 2.8 2.6s.2-.5 1.4-.7c1.2-.2 1.7.2 1.7.2s0-2.1 1.9-2.8c1.9-.7 3.6.7 3.6.7s.7-2.9 3.1-4.1 4.7 0 4.7 0 1.2-.5 2.4 0 1.7 1.4 1.7 1.4h1.4c.7 0 1.2.7 1.2.7s.8-1.8 4-2.2c3.5-.4 5.3 2.4 6.2 4.4.4-.4 1-.7 1.8-.9 2.8-.7 4 .7 4 .7s1.7-5 11.1-6c9.5-1.1 12.3 3.9 12.3 3.9s1.2-4.8 5.7-5.7c4.5-.9 6.8 1.8 6.8 1.8s.6-.6 1.5-.9c.9-.2 1.9-.2 1.9-.2s5.2-6.4 12.6-3.3c7.3 3.1 4.7 9 4.7 9s1.9-.9 4 0 2.8 2.4 2.8 2.4 1.9-1.2 4.5-1.2 4.3 1.2 4.3 1.2.2-1 1.4-1.7 2.1-.7 2.1-.7-.5-3.1 2.1-5.5 5.7-1.4 5.7-1.4 1.5-2.3 4.2-1.1c2.7 1.2 1.7 5.2 1.7 5.2s.3-.1 1.3.5c.5.4.8.8.9 1.1.5-1.4 2.4-5.8 8.4-4 7.1 2.1 3.5 8.9 3.5 8.9s.8-.4 2 0 1.1 1.1 1.1 1.1 1.1-1.1 2.3-1.1 2.1.5 2.1.5 1.9-3.6 6.2-1.2 1.9 6.4 1.9 6.4 2.6-2.4 7.4 0c3.4 1.7 3.9 4.9 3.9 4.9s3.3-6.9 10.4-7.9 11.5 2.6 11.5 2.6.8 0 1.2.2c.4.2.9.9.9.9s4.4-3.1 8.3.2c1.9 1.7 1.5 5 1.5 5s.3-1.1 1.6-1.4c1.3-.3 2.3.2 2.3.2s-.1-1.2.5-1.9 1.9-.9 1.9-.9-4.7-9.3 4.4-13.4c5.6-2.5 9.2.9 9.2.9s5-6.2 15.9-6.2 16.1 8.1 16.1 8.1.7-.2 1.6-.4V0H0z\"\/>\n<\/svg>\n\t\t<\/div>\n\t\t<div class=\"elementor-element elementor-element-352565e4 e-con-full e-flex e-con e-child\" data-id=\"352565e4\" data-element_type=\"container\" data-e-type=\"container\">\n\t\t\t\t<div class=\"elementor-element elementor-element-98c3cbe elementor-button-warning elementor-align-center elementor-widget elementor-widget-button\" data-id=\"98c3cbe\" data-element_type=\"widget\" data-e-type=\"widget\" data-widget_type=\"button.default\">\n\t\t\t\t<div class=\"elementor-widget-container\">\n\t\t\t\t\t\t\t\t\t<div class=\"elementor-button-wrapper\">\n\t\t\t\t\t<a class=\"elementor-button elementor-button-link elementor-size-sm\" href=\"https:\/\/guilhermeparapente.com.br\/\">\n\t\t\t\t\t\t<span class=\"elementor-button-content-wrapper\">\n\t\t\t\t\t\t\t\t\t<span class=\"elementor-button-text\">In\u00edcio<\/span>\n\t\t\t\t\t<\/span>\n\t\t\t\t\t<\/a>\n\t\t\t\t<\/div>\n\t\t\t\t\t\t\t\t<\/div>\n\t\t\t\t<\/div>\n\t\t\t\t<\/div>\n\t\t<div class=\"elementor-element elementor-element-661924b6 e-con-full e-flex e-con e-child\" data-id=\"661924b6\" data-element_type=\"container\" data-e-type=\"container\">\n\t\t\t\t<div class=\"elementor-element elementor-element-6c2da112 elementor-button-warning elementor-align-center elementor-widget elementor-widget-button\" data-id=\"6c2da112\" data-element_type=\"widget\" data-e-type=\"widget\" data-widget_type=\"button.default\">\n\t\t\t\t<div class=\"elementor-widget-container\">\n\t\t\t\t\t\t\t\t\t<div class=\"elementor-button-wrapper\">\n\t\t\t\t\t<a class=\"elementor-button elementor-button-link elementor-size-sm\" href=\"https:\/\/guilhermeparapente.com.br\/?page_id=2\">\n\t\t\t\t\t\t<span class=\"elementor-button-content-wrapper\">\n\t\t\t\t\t\t\t\t\t<span class=\"elementor-button-text\">Pol\u00edticas de Privacidade<\/span>\n\t\t\t\t\t<\/span>\n\t\t\t\t\t<\/a>\n\t\t\t\t<\/div>\n\t\t\t\t\t\t\t\t<\/div>\n\t\t\t\t<\/div>\n\t\t\t\t<\/div>\n\t\t<div class=\"elementor-element elementor-element-7c252598 e-con-full e-flex e-con e-child\" data-id=\"7c252598\" data-element_type=\"container\" data-e-type=\"container\">\n\t\t\t\t<div class=\"elementor-element elementor-element-78a6e197 elementor-widget elementor-widget-text-editor\" data-id=\"78a6e197\" data-element_type=\"widget\" data-e-type=\"widget\" data-widget_type=\"text-editor.default\">\n\t\t\t\t<div class=\"elementor-widget-container\">\n\t\t\t\t\t\t\t\t\t<p style=\"text-align: center;\"><span style=\"font-size: 17.8614px; color: #ffffff;\">Guilherme Parapente &#8211; Estr. Vira\u00e7\u00e3o, s\/n \u2013 S\u00e3o Francisco, Niter\u00f3i \u2013 RJ.\u00a0<br \/><\/span><span style=\"font-family: var( --e-global-typography-text-font-family ), Sans-serif; font-size: var(--wp--preset--font-size--medium); font-weight: var( --e-global-typography-text-font-weight ); color: #ffffff; background-color: var( --e-global-color-primary );\">Atendimento no n\u00famero (21) 98195 &#8211; 4484\u00a0ou pelo e-mail guilhermearroba@gmail.com.\u00a0<br \/><\/span><span style=\"font-family: var( --e-global-typography-text-font-family ), Sans-serif; font-size: var(--wp--preset--font-size--medium); font-weight: var( --e-global-typography-text-font-weight ); color: #ffffff; background-color: var( --e-global-color-primary );\">Copyright \u00a9 2024 Guilherme Parapente.<\/span><\/p>\t\t\t\t\t\t\t\t<\/div>\n\t\t\t\t<\/div>\n\t\t\t\t<\/div>\n\t\t\t\t\t<\/div>\n\t\t\t\t<\/div>\n\t\t\t\t<\/div>\n\t\t","protected":false},"excerpt":{"rendered":"<p>(21) 98195-4484 Instagram Voo de Parapente em Niter\u00f3i Termos de Uso TERMOS DE USO \u2014 Guilherme Parapente Guilherme Parapente, pessoa jur\u00eddica de direito privado descreve, atrav\u00e9s deste documento, as regras de uso do site https:\/\/guilhermeparapente.com.br\/ e qualquer outro site, loja ou aplicativo operado pelo propriet\u00e1rio. Ao navegar neste website, consideramos que voc\u00ea est\u00e1 de acordo [&hellip;]<\/p>\n","protected":false},"author":1,"featured_media":0,"parent":0,"menu_order":0,"comment_status":"closed","ping_status":"closed","template":"elementor_canvas","meta":{"footnotes":""},"class_list":["post-3","page","type-page","status-publish","hentry"],"_links":{"self":[{"href":"https:\/\/guilhermeparapente.com.br\/index.php?rest_route=\/wp\/v2\/pages\/3","targetHints":{"allow":["GET"]}}],"collection":[{"href":"https:\/\/guilhermeparapente.com.br\/index.php?rest_route=\/wp\/v2\/pages"}],"about":[{"href":"https:\/\/guilhermeparapente.com.br\/index.php?rest_route=\/wp\/v2\/types\/page"}],"author":[{"embeddable":true,"href":"https:\/\/guilhermeparapente.com.br\/index.php?rest_route=\/wp\/v2\/users\/1"}],"replies":[{"embeddable":true,"href":"https:\/\/guilhermeparapente.com.br\/index.php?rest_route=%2Fwp%2Fv2%2Fcomments&post=3"}],"version-history":[{"count":19,"href":"https:\/\/guilhermeparapente.com.br\/index.php?rest_route=\/wp\/v2\/pages\/3\/revisions"}],"predecessor-version":[{"id":159,"href":"https:\/\/guilhermeparapente.com.br\/index.php?rest_route=\/wp\/v2\/pages\/3\/revisions\/159"}],"wp:attachment":[{"href":"https:\/\/guilhermeparapente.com.br\/index.php?rest_route=%2Fwp%2Fv2%2Fmedia&parent=3"}],"curies":[{"name":"wp","href":"https:\/\/api.w.org\/{rel}","templated":true}]}}